{"id":10017,"date":"2026-02-11T01:42:44","date_gmt":"2026-02-10T22:42:44","guid":{"rendered":"https:\/\/adakapipres.com\/yeni\/?page_id=10017"},"modified":"2026-02-11T01:46:35","modified_gmt":"2026-02-10T22:46:35","slug":"personel-egitimlerimiz","status":"publish","type":"page","link":"https:\/\/adakapipres.com\/yeni\/personel-egitimlerimiz\/","title":{"rendered":"Personel E\u011fitimlerimiz"},"content":{"rendered":"\t\t<div data-elementor-type=\"wp-page\" data-elementor-id=\"10017\" class=\"elementor elementor-10017\">\n\t\t\t\t<div class=\"elementor-element elementor-element-6dfc4f6 e-flex e-con-boxed e-con e-parent\" data-id=\"6dfc4f6\" data-element_type=\"container\" data-e-type=\"container\">\n\t\t\t\t\t<div class=\"e-con-inner\">\n\t\t<div data-ekitparallax=\"{&quot;ekit_section_parallax_bg&quot;:&quot;yes&quot;,&quot;ekit_section_parallax_bg_speed&quot;:0.5,&quot;elementor_lazy_load&quot;:&quot;1&quot;}\" class=\"elementor-element elementor-element-93e5400 e-flex e-con-boxed e-con e-child\" data-id=\"93e5400\" data-element_type=\"container\" data-e-type=\"container\" data-settings=\"{&quot;background_background&quot;:&quot;classic&quot;}\">\n\t\t\t\t\t<div class=\"e-con-inner\">\n\t\t<div class=\"elementor-element elementor-element-9c6c3cc e-con-full e-flex e-con e-child\" data-id=\"9c6c3cc\" data-element_type=\"container\" data-e-type=\"container\">\n\t\t\t\t<div class=\"elementor-element elementor-element-7d1b52e at-heading-animation at-animation-heading-style-3 elementor-widget elementor-widget-heading\" data-id=\"7d1b52e\" data-element_type=\"widget\" data-e-type=\"widget\" data-settings=\"{&quot;ekit_we_effect_on&quot;:&quot;none&quot;}\" data-widget_type=\"heading.default\">\n\t\t\t\t\t<h1 class=\"elementor-heading-title elementor-size-default\">Personel E\u011fitimlerimiz<\/h1>\t\t\t\t<\/div>\n\t\t\t\t<div class=\"elementor-element elementor-element-8a56b0d elementor-invisible elementor-widget elementor-widget-kiddin-breadcrumb\" data-id=\"8a56b0d\" data-element_type=\"widget\" data-e-type=\"widget\" data-settings=\"{&quot;_animation&quot;:&quot;fadeInUp&quot;,&quot;ekit_we_effect_on&quot;:&quot;none&quot;}\" data-widget_type=\"kiddin-breadcrumb.default\">\n\t\t\t\t<div class=\"elementor-widget-container\">\n\t\t\t\t\t<div role=\"navigation\" aria-label=\"Ekmek K\u0131r\u0131nt\u0131lar\u0131\" class=\"breadcrumb-trail breadcrumbs\"><ol class=\"trail-items\"><li class=\"trail-item trail-end\"><a href=\"https:\/\/adakapipres.com\/yeni\/\" rel=\"home\"><span>Ana Sayfa<\/span><\/a><\/li><\/ol><\/div>\t\t\t\t<\/div>\n\t\t\t\t<\/div>\n\t\t\t\t<\/div>\n\t\t\t\t\t<\/div>\n\t\t\t\t<\/div>\n\t\t\t\t\t<\/div>\n\t\t\t\t<\/div>\n\t\t<div class=\"elementor-element elementor-element-e18c942 e-flex e-con-boxed e-con e-parent\" data-id=\"e18c942\" data-element_type=\"container\" data-e-type=\"container\">\n\t\t\t\t\t<div class=\"e-con-inner\">\n\t\t<div class=\"elementor-element elementor-element-4a446f6 e-con-full e-flex e-con e-child\" data-id=\"4a446f6\" data-element_type=\"container\" data-e-type=\"container\">\n\t\t<div class=\"elementor-element elementor-element-77199c6 e-con-full e-flex e-con e-child\" data-id=\"77199c6\" data-element_type=\"container\" data-e-type=\"container\">\n\t\t\t\t<div class=\"elementor-element elementor-element-b91b2c2 gallery-spacing-custom elementor-widget elementor-widget-image-gallery\" data-id=\"b91b2c2\" data-element_type=\"widget\" data-e-type=\"widget\" data-settings=\"{&quot;ekit_we_effect_on&quot;:&quot;none&quot;}\" data-widget_type=\"image-gallery.default\">\n\t\t\t\t\t\t\t<div class=\"elementor-image-gallery\">\n\t\t\t<div id='gallery-1' class='gallery galleryid-10017 gallery-columns-4 gallery-size-medium_large'><figure class='gallery-item'>\n\t\t\t<div class='gallery-icon landscape'>\n\t\t\t\t<a data-elementor-open-lightbox=\"yes\" data-elementor-lightbox-slideshow=\"b91b2c2\" data-elementor-lightbox-title=\"\u00d6zel-E\u011fitim-\u00d6\u011fretmenlerin-E\u011fitimleri-1\" data-e-action-hash=\"#elementor-action%3Aaction%3Dlightbox%26settings%3DeyJpZCI6MTAwMTksInVybCI6Imh0dHBzOlwvXC9hZGFrYXBpcHJlcy5jb21cL3llbmlcL3dwLWNvbnRlbnRcL3VwbG9hZHNcLzIwMjZcLzAyXC9PemVsLUVnaXRpbS1PZ3JldG1lbmxlcmluLUVnaXRpbWxlcmktMS5qcGciLCJzbGlkZXNob3ciOiJiOTFiMmMyIn0%3D\" href='https:\/\/adakapipres.com\/yeni\/wp-content\/uploads\/2026\/02\/Ozel-Egitim-Ogretmenlerin-Egitimleri-1.jpg'><img fetchpriority=\"high\" decoding=\"async\" width=\"768\" height=\"576\" src=\"https:\/\/adakapipres.com\/yeni\/wp-content\/uploads\/2026\/02\/Ozel-Egitim-Ogretmenlerin-Egitimleri-1-768x576.jpg\" class=\"attachment-medium_large size-medium_large\" alt=\"\" srcset=\"https:\/\/adakapipres.com\/yeni\/wp-content\/uploads\/2026\/02\/Ozel-Egitim-Ogretmenlerin-Egitimleri-1-768x576.jpg 768w, https:\/\/adakapipres.com\/yeni\/wp-content\/uploads\/2026\/02\/Ozel-Egitim-Ogretmenlerin-Egitimleri-1-300x225.jpg 300w, https:\/\/adakapipres.com\/yeni\/wp-content\/uploads\/2026\/02\/Ozel-Egitim-Ogretmenlerin-Egitimleri-1-1024x768.jpg 1024w, https:\/\/adakapipres.com\/yeni\/wp-content\/uploads\/2026\/02\/Ozel-Egitim-Ogretmenlerin-Egitimleri-1-1536x1152.jpg 1536w, https:\/\/adakapipres.com\/yeni\/wp-content\/uploads\/2026\/02\/Ozel-Egitim-Ogretmenlerin-Egitimleri-1.jpg 1600w\" sizes=\"(max-width: 768px) 100vw, 768px\" \/><\/a>\n\t\t\t<\/div><\/figure><figure class='gallery-item'>\n\t\t\t<div class='gallery-icon landscape'>\n\t\t\t\t<a data-elementor-open-lightbox=\"yes\" data-elementor-lightbox-slideshow=\"b91b2c2\" data-elementor-lightbox-title=\"\u00d6zel-E\u011fitim-\u00d6\u011fretmenlerin-E\u011fitimleri-2\" data-e-action-hash=\"#elementor-action%3Aaction%3Dlightbox%26settings%3DeyJpZCI6MTAwMjAsInVybCI6Imh0dHBzOlwvXC9hZGFrYXBpcHJlcy5jb21cL3llbmlcL3dwLWNvbnRlbnRcL3VwbG9hZHNcLzIwMjZcLzAyXC9PemVsLUVnaXRpbS1PZ3JldG1lbmxlcmluLUVnaXRpbWxlcmktMi5qcGciLCJzbGlkZXNob3ciOiJiOTFiMmMyIn0%3D\" href='https:\/\/adakapipres.com\/yeni\/wp-content\/uploads\/2026\/02\/Ozel-Egitim-Ogretmenlerin-Egitimleri-2.jpg'><img decoding=\"async\" width=\"768\" height=\"576\" src=\"https:\/\/adakapipres.com\/yeni\/wp-content\/uploads\/2026\/02\/Ozel-Egitim-Ogretmenlerin-Egitimleri-2-768x576.jpg\" class=\"attachment-medium_large size-medium_large\" alt=\"\" srcset=\"https:\/\/adakapipres.com\/yeni\/wp-content\/uploads\/2026\/02\/Ozel-Egitim-Ogretmenlerin-Egitimleri-2-768x576.jpg 768w, https:\/\/adakapipres.com\/yeni\/wp-content\/uploads\/2026\/02\/Ozel-Egitim-Ogretmenlerin-Egitimleri-2-300x225.jpg 300w, https:\/\/adakapipres.com\/yeni\/wp-content\/uploads\/2026\/02\/Ozel-Egitim-Ogretmenlerin-Egitimleri-2-1024x768.jpg 1024w, https:\/\/adakapipres.com\/yeni\/wp-content\/uploads\/2026\/02\/Ozel-Egitim-Ogretmenlerin-Egitimleri-2-1536x1152.jpg 1536w, https:\/\/adakapipres.com\/yeni\/wp-content\/uploads\/2026\/02\/Ozel-Egitim-Ogretmenlerin-Egitimleri-2.jpg 2048w\" sizes=\"(max-width: 768px) 100vw, 768px\" \/><\/a>\n\t\t\t<\/div><\/figure><figure class='gallery-item'>\n\t\t\t<div class='gallery-icon landscape'>\n\t\t\t\t<a data-elementor-open-lightbox=\"yes\" data-elementor-lightbox-slideshow=\"b91b2c2\" data-elementor-lightbox-title=\"\u00d6zel-E\u011fitim-\u00d6\u011fretmenlerin-E\u011fitimleri-5\" data-e-action-hash=\"#elementor-action%3Aaction%3Dlightbox%26settings%3DeyJpZCI6MTAwMjMsInVybCI6Imh0dHBzOlwvXC9hZGFrYXBpcHJlcy5jb21cL3llbmlcL3dwLWNvbnRlbnRcL3VwbG9hZHNcLzIwMjZcLzAyXC9PemVsLUVnaXRpbS1PZ3JldG1lbmxlcmluLUVnaXRpbWxlcmktNS5qcGciLCJzbGlkZXNob3ciOiJiOTFiMmMyIn0%3D\" href='https:\/\/adakapipres.com\/yeni\/wp-content\/uploads\/2026\/02\/Ozel-Egitim-Ogretmenlerin-Egitimleri-5.jpg'><img decoding=\"async\" width=\"768\" height=\"576\" src=\"https:\/\/adakapipres.com\/yeni\/wp-content\/uploads\/2026\/02\/Ozel-Egitim-Ogretmenlerin-Egitimleri-5-768x576.jpg\" class=\"attachment-medium_large size-medium_large\" alt=\"\" srcset=\"https:\/\/adakapipres.com\/yeni\/wp-content\/uploads\/2026\/02\/Ozel-Egitim-Ogretmenlerin-Egitimleri-5-768x576.jpg 768w, https:\/\/adakapipres.com\/yeni\/wp-content\/uploads\/2026\/02\/Ozel-Egitim-Ogretmenlerin-Egitimleri-5-300x225.jpg 300w, https:\/\/adakapipres.com\/yeni\/wp-content\/uploads\/2026\/02\/Ozel-Egitim-Ogretmenlerin-Egitimleri-5-1024x768.jpg 1024w, https:\/\/adakapipres.com\/yeni\/wp-content\/uploads\/2026\/02\/Ozel-Egitim-Ogretmenlerin-Egitimleri-5-1536x1152.jpg 1536w, https:\/\/adakapipres.com\/yeni\/wp-content\/uploads\/2026\/02\/Ozel-Egitim-Ogretmenlerin-Egitimleri-5.jpg 2048w\" sizes=\"(max-width: 768px) 100vw, 768px\" \/><\/a>\n\t\t\t<\/div><\/figure><figure class='gallery-item'>\n\t\t\t<div class='gallery-icon landscape'>\n\t\t\t\t<a data-elementor-open-lightbox=\"yes\" data-elementor-lightbox-slideshow=\"b91b2c2\" data-elementor-lightbox-title=\"\u00d6zel-E\u011fitim-\u00d6\u011fretmenlerin-E\u011fitimleri-7\" data-e-action-hash=\"#elementor-action%3Aaction%3Dlightbox%26settings%3DeyJpZCI6MTAwMjUsInVybCI6Imh0dHBzOlwvXC9hZGFrYXBpcHJlcy5jb21cL3llbmlcL3dwLWNvbnRlbnRcL3VwbG9hZHNcLzIwMjZcLzAyXC9PemVsLUVnaXRpbS1PZ3JldG1lbmxlcmluLUVnaXRpbWxlcmktNy5qcGciLCJzbGlkZXNob3ciOiJiOTFiMmMyIn0%3D\" href='https:\/\/adakapipres.com\/yeni\/wp-content\/uploads\/2026\/02\/Ozel-Egitim-Ogretmenlerin-Egitimleri-7.jpg'><img loading=\"lazy\" decoding=\"async\" width=\"768\" height=\"576\" src=\"https:\/\/adakapipres.com\/yeni\/wp-content\/uploads\/2026\/02\/Ozel-Egitim-Ogretmenlerin-Egitimleri-7-768x576.jpg\" class=\"attachment-medium_large size-medium_large\" alt=\"\" srcset=\"https:\/\/adakapipres.com\/yeni\/wp-content\/uploads\/2026\/02\/Ozel-Egitim-Ogretmenlerin-Egitimleri-7-768x576.jpg 768w, https:\/\/adakapipres.com\/yeni\/wp-content\/uploads\/2026\/02\/Ozel-Egitim-Ogretmenlerin-Egitimleri-7-300x225.jpg 300w, https:\/\/adakapipres.com\/yeni\/wp-content\/uploads\/2026\/02\/Ozel-Egitim-Ogretmenlerin-Egitimleri-7-1024x768.jpg 1024w, https:\/\/adakapipres.com\/yeni\/wp-content\/uploads\/2026\/02\/Ozel-Egitim-Ogretmenlerin-Egitimleri-7-1536x1152.jpg 1536w, https:\/\/adakapipres.com\/yeni\/wp-content\/uploads\/2026\/02\/Ozel-Egitim-Ogretmenlerin-Egitimleri-7.jpg 1600w\" sizes=\"(max-width: 768px) 100vw, 768px\" \/><\/a>\n\t\t\t<\/div><\/figure><figure class='gallery-item'>\n\t\t\t<div class='gallery-icon landscape'>\n\t\t\t\t<a data-elementor-open-lightbox=\"yes\" data-elementor-lightbox-slideshow=\"b91b2c2\" data-elementor-lightbox-title=\"\u00d6zel-E\u011fitim-\u00d6\u011fretmenlerin-E\u011fitimleri-10\" data-e-action-hash=\"#elementor-action%3Aaction%3Dlightbox%26settings%3DeyJpZCI6MTAwMjgsInVybCI6Imh0dHBzOlwvXC9hZGFrYXBpcHJlcy5jb21cL3llbmlcL3dwLWNvbnRlbnRcL3VwbG9hZHNcLzIwMjZcLzAyXC9PemVsLUVnaXRpbS1PZ3JldG1lbmxlcmluLUVnaXRpbWxlcmktMTAuanBnIiwic2xpZGVzaG93IjoiYjkxYjJjMiJ9\" href='https:\/\/adakapipres.com\/yeni\/wp-content\/uploads\/2026\/02\/Ozel-Egitim-Ogretmenlerin-Egitimleri-10.jpg'><img loading=\"lazy\" decoding=\"async\" width=\"768\" height=\"511\" src=\"https:\/\/adakapipres.com\/yeni\/wp-content\/uploads\/2026\/02\/Ozel-Egitim-Ogretmenlerin-Egitimleri-10-768x511.jpg\" class=\"attachment-medium_large size-medium_large\" alt=\"\" srcset=\"https:\/\/adakapipres.com\/yeni\/wp-content\/uploads\/2026\/02\/Ozel-Egitim-Ogretmenlerin-Egitimleri-10-768x511.jpg 768w, https:\/\/adakapipres.com\/yeni\/wp-content\/uploads\/2026\/02\/Ozel-Egitim-Ogretmenlerin-Egitimleri-10-300x200.jpg 300w, https:\/\/adakapipres.com\/yeni\/wp-content\/uploads\/2026\/02\/Ozel-Egitim-Ogretmenlerin-Egitimleri-10-1024x681.jpg 1024w, https:\/\/adakapipres.com\/yeni\/wp-content\/uploads\/2026\/02\/Ozel-Egitim-Ogretmenlerin-Egitimleri-10-1536x1022.jpg 1536w, https:\/\/adakapipres.com\/yeni\/wp-content\/uploads\/2026\/02\/Ozel-Egitim-Ogretmenlerin-Egitimleri-10.jpg 2048w\" sizes=\"(max-width: 768px) 100vw, 768px\" \/><\/a>\n\t\t\t<\/div><\/figure><figure class='gallery-item'>\n\t\t\t<div class='gallery-icon landscape'>\n\t\t\t\t<a data-elementor-open-lightbox=\"yes\" data-elementor-lightbox-slideshow=\"b91b2c2\" data-elementor-lightbox-title=\"\u00d6zel-E\u011fitim-\u00d6\u011fretmenlerin-E\u011fitimleri-12\" data-e-action-hash=\"#elementor-action%3Aaction%3Dlightbox%26settings%3DeyJpZCI6MTAwMzAsInVybCI6Imh0dHBzOlwvXC9hZGFrYXBpcHJlcy5jb21cL3llbmlcL3dwLWNvbnRlbnRcL3VwbG9hZHNcLzIwMjZcLzAyXC9PemVsLUVnaXRpbS1PZ3JldG1lbmxlcmluLUVnaXRpbWxlcmktMTIuanBnIiwic2xpZGVzaG93IjoiYjkxYjJjMiJ9\" href='https:\/\/adakapipres.com\/yeni\/wp-content\/uploads\/2026\/02\/Ozel-Egitim-Ogretmenlerin-Egitimleri-12.jpg'><img loading=\"lazy\" decoding=\"async\" width=\"768\" height=\"576\" src=\"https:\/\/adakapipres.com\/yeni\/wp-content\/uploads\/2026\/02\/Ozel-Egitim-Ogretmenlerin-Egitimleri-12-768x576.jpg\" class=\"attachment-medium_large size-medium_large\" alt=\"\" srcset=\"https:\/\/adakapipres.com\/yeni\/wp-content\/uploads\/2026\/02\/Ozel-Egitim-Ogretmenlerin-Egitimleri-12-768x576.jpg 768w, https:\/\/adakapipres.com\/yeni\/wp-content\/uploads\/2026\/02\/Ozel-Egitim-Ogretmenlerin-Egitimleri-12-300x225.jpg 300w, https:\/\/adakapipres.com\/yeni\/wp-content\/uploads\/2026\/02\/Ozel-Egitim-Ogretmenlerin-Egitimleri-12-1024x768.jpg 1024w, https:\/\/adakapipres.com\/yeni\/wp-content\/uploads\/2026\/02\/Ozel-Egitim-Ogretmenlerin-Egitimleri-12-1536x1152.jpg 1536w, https:\/\/adakapipres.com\/yeni\/wp-content\/uploads\/2026\/02\/Ozel-Egitim-Ogretmenlerin-Egitimleri-12.jpg 2000w\" sizes=\"(max-width: 768px) 100vw, 768px\" \/><\/a>\n\t\t\t<\/div><\/figure><figure class='gallery-item'>\n\t\t\t<div class='gallery-icon landscape'>\n\t\t\t\t<a data-elementor-open-lightbox=\"yes\" data-elementor-lightbox-slideshow=\"b91b2c2\" data-elementor-lightbox-title=\"\u00d6zel-E\u011fitim-\u00d6\u011fretmenlerin-E\u011fitimleri-13\" data-e-action-hash=\"#elementor-action%3Aaction%3Dlightbox%26settings%3DeyJpZCI6MTAwMzEsInVybCI6Imh0dHBzOlwvXC9hZGFrYXBpcHJlcy5jb21cL3llbmlcL3dwLWNvbnRlbnRcL3VwbG9hZHNcLzIwMjZcLzAyXC9PemVsLUVnaXRpbS1PZ3JldG1lbmxlcmluLUVnaXRpbWxlcmktMTMuanBnIiwic2xpZGVzaG93IjoiYjkxYjJjMiJ9\" href='https:\/\/adakapipres.com\/yeni\/wp-content\/uploads\/2026\/02\/Ozel-Egitim-Ogretmenlerin-Egitimleri-13.jpg'><img loading=\"lazy\" decoding=\"async\" width=\"768\" height=\"576\" src=\"https:\/\/adakapipres.com\/yeni\/wp-content\/uploads\/2026\/02\/Ozel-Egitim-Ogretmenlerin-Egitimleri-13.jpg\" class=\"attachment-medium_large size-medium_large\" alt=\"\" srcset=\"https:\/\/adakapipres.com\/yeni\/wp-content\/uploads\/2026\/02\/Ozel-Egitim-Ogretmenlerin-Egitimleri-13.jpg 768w, https:\/\/adakapipres.com\/yeni\/wp-content\/uploads\/2026\/02\/Ozel-Egitim-Ogretmenlerin-Egitimleri-13-300x225.jpg 300w\" sizes=\"(max-width: 768px) 100vw, 768px\" \/><\/a>\n\t\t\t<\/div><\/figure><figure class='gallery-item'>\n\t\t\t<div class='gallery-icon landscape'>\n\t\t\t\t<a data-elementor-open-lightbox=\"yes\" data-elementor-lightbox-slideshow=\"b91b2c2\" data-elementor-lightbox-title=\"\u00d6zel-E\u011fitim-\u00d6\u011fretmenlerin-E\u011fitimleri-14\" data-e-action-hash=\"#elementor-action%3Aaction%3Dlightbox%26settings%3DeyJpZCI6MTAwMzIsInVybCI6Imh0dHBzOlwvXC9hZGFrYXBpcHJlcy5jb21cL3llbmlcL3dwLWNvbnRlbnRcL3VwbG9hZHNcLzIwMjZcLzAyXC9PemVsLUVnaXRpbS1PZ3JldG1lbmxlcmluLUVnaXRpbWxlcmktMTQuanBnIiwic2xpZGVzaG93IjoiYjkxYjJjMiJ9\" href='https:\/\/adakapipres.com\/yeni\/wp-content\/uploads\/2026\/02\/Ozel-Egitim-Ogretmenlerin-Egitimleri-14.jpg'><img loading=\"lazy\" decoding=\"async\" width=\"768\" height=\"576\" src=\"https:\/\/adakapipres.com\/yeni\/wp-content\/uploads\/2026\/02\/Ozel-Egitim-Ogretmenlerin-Egitimleri-14-768x576.jpg\" class=\"attachment-medium_large size-medium_large\" alt=\"\" srcset=\"https:\/\/adakapipres.com\/yeni\/wp-content\/uploads\/2026\/02\/Ozel-Egitim-Ogretmenlerin-Egitimleri-14-768x576.jpg 768w, https:\/\/adakapipres.com\/yeni\/wp-content\/uploads\/2026\/02\/Ozel-Egitim-Ogretmenlerin-Egitimleri-14-300x225.jpg 300w, https:\/\/adakapipres.com\/yeni\/wp-content\/uploads\/2026\/02\/Ozel-Egitim-Ogretmenlerin-Egitimleri-14-1024x768.jpg 1024w, https:\/\/adakapipres.com\/yeni\/wp-content\/uploads\/2026\/02\/Ozel-Egitim-Ogretmenlerin-Egitimleri-14-1536x1152.jpg 1536w, https:\/\/adakapipres.com\/yeni\/wp-content\/uploads\/2026\/02\/Ozel-Egitim-Ogretmenlerin-Egitimleri-14.jpg 1600w\" sizes=\"(max-width: 768px) 100vw, 768px\" \/><\/a>\n\t\t\t<\/div><\/figure><figure class='gallery-item'>\n\t\t\t<div class='gallery-icon portrait'>\n\t\t\t\t<a data-elementor-open-lightbox=\"yes\" data-elementor-lightbox-slideshow=\"b91b2c2\" data-elementor-lightbox-title=\"\u00d6zel-E\u011fitim-\u00d6\u011fretmenlerin-E\u011fitimleri-4\" data-e-action-hash=\"#elementor-action%3Aaction%3Dlightbox%26settings%3DeyJpZCI6MTAwMjIsInVybCI6Imh0dHBzOlwvXC9hZGFrYXBpcHJlcy5jb21cL3llbmlcL3dwLWNvbnRlbnRcL3VwbG9hZHNcLzIwMjZcLzAyXC9PemVsLUVnaXRpbS1PZ3JldG1lbmxlcmluLUVnaXRpbWxlcmktNC5qcGciLCJzbGlkZXNob3ciOiJiOTFiMmMyIn0%3D\" href='https:\/\/adakapipres.com\/yeni\/wp-content\/uploads\/2026\/02\/Ozel-Egitim-Ogretmenlerin-Egitimleri-4.jpg'><img loading=\"lazy\" decoding=\"async\" width=\"768\" height=\"815\" src=\"https:\/\/adakapipres.com\/yeni\/wp-content\/uploads\/2026\/02\/Ozel-Egitim-Ogretmenlerin-Egitimleri-4-768x815.jpg\" class=\"attachment-medium_large size-medium_large\" alt=\"\" srcset=\"https:\/\/adakapipres.com\/yeni\/wp-content\/uploads\/2026\/02\/Ozel-Egitim-Ogretmenlerin-Egitimleri-4-768x815.jpg 768w, https:\/\/adakapipres.com\/yeni\/wp-content\/uploads\/2026\/02\/Ozel-Egitim-Ogretmenlerin-Egitimleri-4-283x300.jpg 283w, https:\/\/adakapipres.com\/yeni\/wp-content\/uploads\/2026\/02\/Ozel-Egitim-Ogretmenlerin-Egitimleri-4-965x1024.jpg 965w, https:\/\/adakapipres.com\/yeni\/wp-content\/uploads\/2026\/02\/Ozel-Egitim-Ogretmenlerin-Egitimleri-4.jpg 1200w\" sizes=\"(max-width: 768px) 100vw, 768px\" \/><\/a>\n\t\t\t<\/div><\/figure><figure class='gallery-item'>\n\t\t\t<div class='gallery-icon portrait'>\n\t\t\t\t<a data-elementor-open-lightbox=\"yes\" data-elementor-lightbox-slideshow=\"b91b2c2\" data-elementor-lightbox-title=\"\u00d6zel-E\u011fitim-\u00d6\u011fretmenlerin-E\u011fitimleri-6\" data-e-action-hash=\"#elementor-action%3Aaction%3Dlightbox%26settings%3DeyJpZCI6MTAwMjQsInVybCI6Imh0dHBzOlwvXC9hZGFrYXBpcHJlcy5jb21cL3llbmlcL3dwLWNvbnRlbnRcL3VwbG9hZHNcLzIwMjZcLzAyXC9PemVsLUVnaXRpbS1PZ3JldG1lbmxlcmluLUVnaXRpbWxlcmktNi5qcGciLCJzbGlkZXNob3ciOiJiOTFiMmMyIn0%3D\" href='https:\/\/adakapipres.com\/yeni\/wp-content\/uploads\/2026\/02\/Ozel-Egitim-Ogretmenlerin-Egitimleri-6.jpg'><img loading=\"lazy\" decoding=\"async\" width=\"768\" height=\"1024\" src=\"https:\/\/adakapipres.com\/yeni\/wp-content\/uploads\/2026\/02\/Ozel-Egitim-Ogretmenlerin-Egitimleri-6-768x1024.jpg\" class=\"attachment-medium_large size-medium_large\" alt=\"\" srcset=\"https:\/\/adakapipres.com\/yeni\/wp-content\/uploads\/2026\/02\/Ozel-Egitim-Ogretmenlerin-Egitimleri-6-768x1024.jpg 768w, https:\/\/adakapipres.com\/yeni\/wp-content\/uploads\/2026\/02\/Ozel-Egitim-Ogretmenlerin-Egitimleri-6-225x300.jpg 225w, https:\/\/adakapipres.com\/yeni\/wp-content\/uploads\/2026\/02\/Ozel-Egitim-Ogretmenlerin-Egitimleri-6-1152x1536.jpg 1152w, https:\/\/adakapipres.com\/yeni\/wp-content\/uploads\/2026\/02\/Ozel-Egitim-Ogretmenlerin-Egitimleri-6.jpg 1536w\" sizes=\"(max-width: 768px) 100vw, 768px\" \/><\/a>\n\t\t\t<\/div><\/figure><figure class='gallery-item'>\n\t\t\t<div class='gallery-icon portrait'>\n\t\t\t\t<a data-elementor-open-lightbox=\"yes\" data-elementor-lightbox-slideshow=\"b91b2c2\" data-elementor-lightbox-title=\"\u00d6zel-E\u011fitim-\u00d6\u011fretmenlerin-E\u011fitimleri-8\" data-e-action-hash=\"#elementor-action%3Aaction%3Dlightbox%26settings%3DeyJpZCI6MTAwMjYsInVybCI6Imh0dHBzOlwvXC9hZGFrYXBpcHJlcy5jb21cL3llbmlcL3dwLWNvbnRlbnRcL3VwbG9hZHNcLzIwMjZcLzAyXC9PemVsLUVnaXRpbS1PZ3JldG1lbmxlcmluLUVnaXRpbWxlcmktOC5qcGciLCJzbGlkZXNob3ciOiJiOTFiMmMyIn0%3D\" href='https:\/\/adakapipres.com\/yeni\/wp-content\/uploads\/2026\/02\/Ozel-Egitim-Ogretmenlerin-Egitimleri-8.jpg'><img loading=\"lazy\" decoding=\"async\" width=\"576\" height=\"1024\" src=\"https:\/\/adakapipres.com\/yeni\/wp-content\/uploads\/2026\/02\/Ozel-Egitim-Ogretmenlerin-Egitimleri-8.jpg\" class=\"attachment-medium_large size-medium_large\" alt=\"\" srcset=\"https:\/\/adakapipres.com\/yeni\/wp-content\/uploads\/2026\/02\/Ozel-Egitim-Ogretmenlerin-Egitimleri-8.jpg 576w, https:\/\/adakapipres.com\/yeni\/wp-content\/uploads\/2026\/02\/Ozel-Egitim-Ogretmenlerin-Egitimleri-8-169x300.jpg 169w\" sizes=\"(max-width: 576px) 100vw, 576px\" \/><\/a>\n\t\t\t<\/div><\/figure><figure class='gallery-item'>\n\t\t\t<div class='gallery-icon portrait'>\n\t\t\t\t<a data-elementor-open-lightbox=\"yes\" data-elementor-lightbox-slideshow=\"b91b2c2\" data-elementor-lightbox-title=\"\u00d6zel-E\u011fitim-\u00d6\u011fretmenlerin-E\u011fitimleri-9\" data-e-action-hash=\"#elementor-action%3Aaction%3Dlightbox%26settings%3DeyJpZCI6MTAwMjcsInVybCI6Imh0dHBzOlwvXC9hZGFrYXBpcHJlcy5jb21cL3llbmlcL3dwLWNvbnRlbnRcL3VwbG9hZHNcLzIwMjZcLzAyXC9PemVsLUVnaXRpbS1PZ3JldG1lbmxlcmluLUVnaXRpbWxlcmktOS5qcGciLCJzbGlkZXNob3ciOiJiOTFiMmMyIn0%3D\" href='https:\/\/adakapipres.com\/yeni\/wp-content\/uploads\/2026\/02\/Ozel-Egitim-Ogretmenlerin-Egitimleri-9.jpg'><img loading=\"lazy\" decoding=\"async\" width=\"768\" height=\"1024\" src=\"https:\/\/adakapipres.com\/yeni\/wp-content\/uploads\/2026\/02\/Ozel-Egitim-Ogretmenlerin-Egitimleri-9-768x1024.jpg\" class=\"attachment-medium_large size-medium_large\" alt=\"\" srcset=\"https:\/\/adakapipres.com\/yeni\/wp-content\/uploads\/2026\/02\/Ozel-Egitim-Ogretmenlerin-Egitimleri-9-768x1024.jpg 768w, https:\/\/adakapipres.com\/yeni\/wp-content\/uploads\/2026\/02\/Ozel-Egitim-Ogretmenlerin-Egitimleri-9-225x300.jpg 225w, https:\/\/adakapipres.com\/yeni\/wp-content\/uploads\/2026\/02\/Ozel-Egitim-Ogretmenlerin-Egitimleri-9-1152x1536.jpg 1152w, https:\/\/adakapipres.com\/yeni\/wp-content\/uploads\/2026\/02\/Ozel-Egitim-Ogretmenlerin-Egitimleri-9.jpg 1536w\" sizes=\"(max-width: 768px) 100vw, 768px\" \/><\/a>\n\t\t\t<\/div><\/figure><figure class='gallery-item'>\n\t\t\t<div class='gallery-icon portrait'>\n\t\t\t\t<a data-elementor-open-lightbox=\"yes\" data-elementor-lightbox-slideshow=\"b91b2c2\" data-elementor-lightbox-title=\"\u00d6zel-E\u011fitim-\u00d6\u011fretmenlerin-E\u011fitimleri-3\" data-e-action-hash=\"#elementor-action%3Aaction%3Dlightbox%26settings%3DeyJpZCI6MTAwMjEsInVybCI6Imh0dHBzOlwvXC9hZGFrYXBpcHJlcy5jb21cL3llbmlcL3dwLWNvbnRlbnRcL3VwbG9hZHNcLzIwMjZcLzAyXC9PemVsLUVnaXRpbS1PZ3JldG1lbmxlcmluLUVnaXRpbWxlcmktMy5qcGciLCJzbGlkZXNob3ciOiJiOTFiMmMyIn0%3D\" href='https:\/\/adakapipres.com\/yeni\/wp-content\/uploads\/2026\/02\/Ozel-Egitim-Ogretmenlerin-Egitimleri-3.jpg'><img loading=\"lazy\" decoding=\"async\" width=\"768\" height=\"1024\" src=\"https:\/\/adakapipres.com\/yeni\/wp-content\/uploads\/2026\/02\/Ozel-Egitim-Ogretmenlerin-Egitimleri-3-768x1024.jpg\" class=\"attachment-medium_large size-medium_large\" alt=\"\" srcset=\"https:\/\/adakapipres.com\/yeni\/wp-content\/uploads\/2026\/02\/Ozel-Egitim-Ogretmenlerin-Egitimleri-3-768x1024.jpg 768w, https:\/\/adakapipres.com\/yeni\/wp-content\/uploads\/2026\/02\/Ozel-Egitim-Ogretmenlerin-Egitimleri-3-225x300.jpg 225w, https:\/\/adakapipres.com\/yeni\/wp-content\/uploads\/2026\/02\/Ozel-Egitim-Ogretmenlerin-Egitimleri-3-1152x1536.jpg 1152w, https:\/\/adakapipres.com\/yeni\/wp-content\/uploads\/2026\/02\/Ozel-Egitim-Ogretmenlerin-Egitimleri-3-1536x2048.jpg 1536w, https:\/\/adakapipres.com\/yeni\/wp-content\/uploads\/2026\/02\/Ozel-Egitim-Ogretmenlerin-Egitimleri-3.jpg 1920w\" sizes=\"(max-width: 768px) 100vw, 768px\" \/><\/a>\n\t\t\t<\/div><\/figure><figure class='gallery-item'>\n\t\t\t<div class='gallery-icon portrait'>\n\t\t\t\t<a data-elementor-open-lightbox=\"yes\" data-elementor-lightbox-slideshow=\"b91b2c2\" data-elementor-lightbox-title=\"\u00d6zel-E\u011fitim-\u00d6\u011fretmenlerin-E\u011fitimleri-11\" data-e-action-hash=\"#elementor-action%3Aaction%3Dlightbox%26settings%3DeyJpZCI6MTAwMjksInVybCI6Imh0dHBzOlwvXC9hZGFrYXBpcHJlcy5jb21cL3llbmlcL3dwLWNvbnRlbnRcL3VwbG9hZHNcLzIwMjZcLzAyXC9PemVsLUVnaXRpbS1PZ3JldG1lbmxlcmluLUVnaXRpbWxlcmktMTEuanBnIiwic2xpZGVzaG93IjoiYjkxYjJjMiJ9\" href='https:\/\/adakapipres.com\/yeni\/wp-content\/uploads\/2026\/02\/Ozel-Egitim-Ogretmenlerin-Egitimleri-11.jpg'><img loading=\"lazy\" decoding=\"async\" width=\"768\" height=\"1024\" src=\"https:\/\/adakapipres.com\/yeni\/wp-content\/uploads\/2026\/02\/Ozel-Egitim-Ogretmenlerin-Egitimleri-11-768x1024.jpg\" class=\"attachment-medium_large size-medium_large\" alt=\"\" srcset=\"https:\/\/adakapipres.com\/yeni\/wp-content\/uploads\/2026\/02\/Ozel-Egitim-Ogretmenlerin-Egitimleri-11-768x1024.jpg 768w, https:\/\/adakapipres.com\/yeni\/wp-content\/uploads\/2026\/02\/Ozel-Egitim-Ogretmenlerin-Egitimleri-11-225x300.jpg 225w, https:\/\/adakapipres.com\/yeni\/wp-content\/uploads\/2026\/02\/Ozel-Egitim-Ogretmenlerin-Egitimleri-11-1152x1536.jpg 1152w, https:\/\/adakapipres.com\/yeni\/wp-content\/uploads\/2026\/02\/Ozel-Egitim-Ogretmenlerin-Egitimleri-11-1536x2048.jpg 1536w, https:\/\/adakapipres.com\/yeni\/wp-content\/uploads\/2026\/02\/Ozel-Egitim-Ogretmenlerin-Egitimleri-11.jpg 1920w\" sizes=\"(max-width: 768px) 100vw, 768px\" \/><\/a>\n\t\t\t<\/div><\/figure>\n\t\t<\/div>\n\t\t<\/div>\n\t\t\t\t\t\t<\/div>\n\t\t\t\t<\/div>\n\t\t\t\t<\/div>\n\t\t\t\t\t<\/div>\n\t\t\t\t<\/div>\n\t\t\t\t<\/div>\n\t\t","protected":false},"excerpt":{"rendered":"<p>Personel E\u011fitimlerimiz Home<\/p>\n","protected":false},"author":1,"featured_media":0,"parent":0,"menu_order":0,"comment_status":"closed","ping_status":"closed","template":"elementor_header_footer","meta":{"footnotes":""},"class_list":["post-10017","page","type-page","status-publish","hentry"],"_links":{"self":[{"href":"https:\/\/adakapipres.com\/yeni\/wp-json\/wp\/v2\/pages\/10017","targetHints":{"allow":["GET"]}}],"collection":[{"href":"https:\/\/adakapipres.com\/yeni\/wp-json\/wp\/v2\/pages"}],"about":[{"href":"https:\/\/adakapipres.com\/yeni\/wp-json\/wp\/v2\/types\/page"}],"author":[{"embeddable":true,"href":"https:\/\/adakapipres.com\/yeni\/wp-json\/wp\/v2\/users\/1"}],"replies":[{"embeddable":true,"href":"https:\/\/adakapipres.com\/yeni\/wp-json\/wp\/v2\/comments?post=10017"}],"version-history":[{"count":7,"href":"https:\/\/adakapipres.com\/yeni\/wp-json\/wp\/v2\/pages\/10017\/revisions"}],"predecessor-version":[{"id":10038,"href":"https:\/\/adakapipres.com\/yeni\/wp-json\/wp\/v2\/pages\/10017\/revisions\/10038"}],"wp:attachment":[{"href":"https:\/\/adakapipres.com\/yeni\/wp-json\/wp\/v2\/media?parent=10017"}],"curies":[{"name":"wp","href":"https:\/\/api.w.org\/{rel}","templated":true}]}}